{"id":67,"date":"2024-06-14T23:14:37","date_gmt":"2024-06-15T02:14:37","guid":{"rendered":"https:\/\/www.drarosegalindo.com.br\/?page_id=67"},"modified":"2024-07-29T22:48:03","modified_gmt":"2024-07-30T01:48:03","slug":"procedimentos","status":"publish","type":"page","link":"https:\/\/www.drarosegalindo.com.br\/?page_id=67","title":{"rendered":"Procedimentos"},"content":{"rendered":"\t\t<div data-elementor-type=\"wp-page\" data-elementor-id=\"67\" class=\"elementor elementor-67\" data-elementor-post-type=\"page\">\n\t\t\t\t<div class=\"elementor-element elementor-element-9bceab7 e-flex e-con-boxed wpr-particle-no wpr-jarallax-no wpr-parallax-no wpr-sticky-section-no e-con e-parent\" data-id=\"9bceab7\" data-element_type=\"container\" data-settings=\"{&quot;background_background&quot;:&quot;classic&quot;}\">\n\t\t\t\t\t<div class=\"e-con-inner\">\n\t\t\t\t<div class=\"elementor-element elementor-element-a344a7c elementor-widget elementor-widget-heading\" data-id=\"a344a7c\" data-element_type=\"widget\" data-widget_type=\"heading.default\">\n\t\t\t\t<div class=\"elementor-widget-container\">\n\t\t\t\t\t<h2 class=\"elementor-heading-title elementor-size-default\">Procedimentos<\/h2>\t\t\t\t<\/div>\n\t\t\t\t<\/div>\n\t\t\t\t<div class=\"elementor-element elementor-element-11fe492 elementor-widget elementor-widget-heading\" data-id=\"11fe492\" data-element_type=\"widget\" data-widget_type=\"heading.default\">\n\t\t\t\t<div class=\"elementor-widget-container\">\n\t\t\t\t\t<h2 class=\"elementor-heading-title elementor-size-default\">Conhe\u00e7a os procedimentos oferecidos<\/h2>\t\t\t\t<\/div>\n\t\t\t\t<\/div>\n\t\t\t\t\t<\/div>\n\t\t\t\t<\/div>\n\t\t<div class=\"elementor-element elementor-element-ce90490 e-flex e-con-boxed wpr-particle-no wpr-jarallax-no wpr-parallax-no wpr-sticky-section-no e-con e-parent\" data-id=\"ce90490\" data-element_type=\"container\">\n\t\t\t\t\t<div class=\"e-con-inner\">\n\t\t\t\t<div class=\"elementor-element elementor-element-3862505 e-n-tabs-none elementor-widget elementor-widget-n-tabs\" data-id=\"3862505\" data-element_type=\"widget\" data-settings=\"{&quot;horizontal_scroll&quot;:&quot;disable&quot;}\" data-widget_type=\"nested-tabs.default\">\n\t\t\t\t<div class=\"elementor-widget-container\">\n\t\t\t\t\t\t\t<div class=\"e-n-tabs\" data-widget-number=\"59122949\" aria-label=\"Abas. Abra itens com &quot;Enter&quot; ou &quot;Espa\u00e7o&quot;, feche com &quot;Escape&quot; e navegue usando as teclas de &quot;Seta&quot;.\">\n\t\t\t<div class=\"e-n-tabs-heading\" role=\"tablist\">\n\t\t\t\t\t<button id=\"e-n-tab-title-591229491\" class=\"e-n-tab-title\" aria-selected=\"true\" data-tab-index=\"1\" role=\"tab\" tabindex=\"0\" aria-controls=\"e-n-tab-content-591229491\" style=\"--n-tabs-title-order: 1;\">\n\t\t\t\t\t\t<span class=\"e-n-tab-title-text\">\n\t\t\t\tProfilaxia\t\t\t<\/span>\n\t\t<\/button>\n\t\t\t\t<button id=\"e-n-tab-title-591229492\" class=\"e-n-tab-title\" aria-selected=\"false\" data-tab-index=\"2\" role=\"tab\" tabindex=\"-1\" aria-controls=\"e-n-tab-content-591229492\" style=\"--n-tabs-title-order: 2;\">\n\t\t\t\t\t\t<span class=\"e-n-tab-title-text\">\n\t\t\t\tEst\u00e9tica\t\t\t<\/span>\n\t\t<\/button>\n\t\t\t\t<button id=\"e-n-tab-title-591229493\" class=\"e-n-tab-title\" aria-selected=\"false\" data-tab-index=\"3\" role=\"tab\" tabindex=\"-1\" aria-controls=\"e-n-tab-content-591229493\" style=\"--n-tabs-title-order: 3;\">\n\t\t\t\t\t\t<span class=\"e-n-tab-title-text\">\n\t\t\t\tImplante\t\t\t<\/span>\n\t\t<\/button>\n\t\t\t\t\t<\/div>\n\t\t\t<div class=\"e-n-tabs-content\">\n\t\t\t\t<div id=\"e-n-tab-content-591229491\" role=\"tabpanel\" aria-labelledby=\"e-n-tab-title-591229491\" data-tab-index=\"1\" style=\"--n-tabs-title-order: 1;\" class=\"e-active elementor-element elementor-element-e81fc81 e-con-full e-flex wpr-particle-no wpr-jarallax-no wpr-parallax-no wpr-sticky-section-no e-con e-child\" data-id=\"e81fc81\" data-element_type=\"container\">\n\t\t\t\t<div class=\"elementor-element elementor-element-649ba16 elementor-position-top elementor-widget elementor-widget-image-box\" data-id=\"649ba16\" data-element_type=\"widget\" data-widget_type=\"image-box.default\">\n\t\t\t\t<div class=\"elementor-widget-container\">\n\t\t\t\t\t<div class=\"elementor-image-box-wrapper\"><figure class=\"elementor-image-box-img\"><a href=\"https:\/\/www.drarosegalindo.com.br\/index.php\/2024\/07\/12\/limpeza-dentaria\/\" tabindex=\"-1\"><img fetchpriority=\"high\" decoding=\"async\" width=\"400\" height=\"400\" src=\"https:\/\/www.drarosegalindo.com.br\/wp-content\/uploads\/2024\/06\/2-1.png\" class=\"attachment-full size-full wp-image-338\" alt=\"\" srcset=\"https:\/\/www.drarosegalindo.com.br\/wp-content\/uploads\/2024\/06\/2-1.png 400w, https:\/\/www.drarosegalindo.com.br\/wp-content\/uploads\/2024\/06\/2-1-300x300.png 300w, https:\/\/www.drarosegalindo.com.br\/wp-content\/uploads\/2024\/06\/2-1-150x150.png 150w\" sizes=\"(max-width: 400px) 100vw, 400px\" \/><\/a><\/figure><div class=\"elementor-image-box-content\"><h3 class=\"elementor-image-box-title\"><a href=\"https:\/\/www.drarosegalindo.com.br\/index.php\/2024\/07\/12\/limpeza-dentaria\/\">Limpeza <\/a><\/h3><p class=\"elementor-image-box-description\">A limpeza dent\u00e1ria, tamb\u00e9m conhecida como profilaxia, \u00e9 um procedimento crucial para a sa\u00fade bucal, remove a placa bacteriana e o t\u00e1rtaro que se acumulam nos dentes, prevenindo doen\u00e7as como c\u00e1ries, gengivite e periodontite.\n<br>\n<a href=\"https:\/\/www.drarosegalindo.com.br\/index.php\/2024\/07\/12\/limpeza-dentaria\/\"><span style=\"text-decoration: underline;\">Saiba Mais<\/span><\/a><\/p><\/div><\/div>\t\t\t\t<\/div>\n\t\t\t\t<\/div>\n\t\t\t\t<div class=\"elementor-element elementor-element-782771e elementor-position-top elementor-widget elementor-widget-image-box\" data-id=\"782771e\" data-element_type=\"widget\" data-widget_type=\"image-box.default\">\n\t\t\t\t<div class=\"elementor-widget-container\">\n\t\t\t\t\t<div class=\"elementor-image-box-wrapper\"><figure class=\"elementor-image-box-img\"><a href=\"https:\/\/www.drarosegalindo.com.br\/index.php\/2024\/07\/12\/raspagem\/\" tabindex=\"-1\"><img decoding=\"async\" width=\"400\" height=\"400\" data-src=\"https:\/\/www.drarosegalindo.com.br\/wp-content\/uploads\/2024\/06\/1-1.png\" class=\"attachment-full size-full wp-image-337 lazyload\" alt=\"\" data-srcset=\"https:\/\/www.drarosegalindo.com.br\/wp-content\/uploads\/2024\/06\/1-1.png 400w, https:\/\/www.drarosegalindo.com.br\/wp-content\/uploads\/2024\/06\/1-1-300x300.png 300w, https:\/\/www.drarosegalindo.com.br\/wp-content\/uploads\/2024\/06\/1-1-150x150.png 150w\" data-sizes=\"(max-width: 400px) 100vw, 400px\" src=\"data:image\/svg+xml;base64,PHN2ZyB3aWR0aD0iMSIgaGVpZ2h0PSIxIiB4bWxucz0iaHR0cDovL3d3dy53My5vcmcvMjAwMC9zdmciPjwvc3ZnPg==\" style=\"--smush-placeholder-width: 400px; --smush-placeholder-aspect-ratio: 400\/400;\" \/><\/a><\/figure><div class=\"elementor-image-box-content\"><h3 class=\"elementor-image-box-title\"><a href=\"https:\/\/www.drarosegalindo.com.br\/index.php\/2024\/07\/12\/raspagem\/\">Raspagem<\/a><\/h3><p class=\"elementor-image-box-description\">Tamb\u00e9m conhecida como tartaroplastia, remove o t\u00e1rtaro, uma camada endurecida de placa bacteriana que se acumula nos dentes e pode causar diversos problemas, como gengivite, periodontite, mau h\u00e1lito e reten\u00e7\u00e3o gengival.\n<br>\n<a href=\"https:\/\/www.drarosegalindo.com.br\/index.php\/2024\/07\/12\/raspagem\/\"><span style=\"text-decoration: underline;\">Saiba Mais<\/span><\/a><\/p><\/div><\/div>\t\t\t\t<\/div>\n\t\t\t\t<\/div>\n\t\t\t\t<\/div>\n\t\t<div id=\"e-n-tab-content-591229492\" role=\"tabpanel\" aria-labelledby=\"e-n-tab-title-591229492\" data-tab-index=\"2\" style=\"--n-tabs-title-order: 2;\" class=\" elementor-element elementor-element-8f0d0f2 e-con-full e-flex wpr-particle-no wpr-jarallax-no wpr-parallax-no wpr-sticky-section-no e-con e-child\" data-id=\"8f0d0f2\" data-element_type=\"container\">\n\t\t\t\t<div class=\"elementor-element elementor-element-36a4358 elementor-position-top elementor-widget elementor-widget-image-box\" data-id=\"36a4358\" data-element_type=\"widget\" data-widget_type=\"image-box.default\">\n\t\t\t\t<div class=\"elementor-widget-container\">\n\t\t\t\t\t<div class=\"elementor-image-box-wrapper\"><figure class=\"elementor-image-box-img\"><a href=\"https:\/\/www.drarosegalindo.com.br\/index.php\/2024\/07\/12\/clareamento\/\" tabindex=\"-1\"><img decoding=\"async\" width=\"400\" height=\"400\" data-src=\"https:\/\/www.drarosegalindo.com.br\/wp-content\/uploads\/2024\/06\/1-2.png\" class=\"attachment-full size-full wp-image-351 lazyload\" alt=\"\" data-srcset=\"https:\/\/www.drarosegalindo.com.br\/wp-content\/uploads\/2024\/06\/1-2.png 400w, https:\/\/www.drarosegalindo.com.br\/wp-content\/uploads\/2024\/06\/1-2-300x300.png 300w, https:\/\/www.drarosegalindo.com.br\/wp-content\/uploads\/2024\/06\/1-2-150x150.png 150w\" data-sizes=\"(max-width: 400px) 100vw, 400px\" src=\"data:image\/svg+xml;base64,PHN2ZyB3aWR0aD0iMSIgaGVpZ2h0PSIxIiB4bWxucz0iaHR0cDovL3d3dy53My5vcmcvMjAwMC9zdmciPjwvc3ZnPg==\" style=\"--smush-placeholder-width: 400px; --smush-placeholder-aspect-ratio: 400\/400;\" \/><\/a><\/figure><div class=\"elementor-image-box-content\"><h3 class=\"elementor-image-box-title\"><a href=\"https:\/\/www.drarosegalindo.com.br\/index.php\/2024\/07\/12\/clareamento\/\">Clareamento<\/a><\/h3><p class=\"elementor-image-box-description\">Cansado de esconder seu sorriso por causa dos dentes manchados?\n\nDiga adeus aos dentes amarelados com o nosso clareamento dental. Oferecemos diversos m\u00e9todos seguros e eficazes para remover manchas e devolver o branco natural.\n<br>\n<a href=\"https:\/\/www.drarosegalindo.com.br\/index.php\/2024\/07\/12\/clareamento\/\"><span style=\"text-decoration: underline;\">Saiba Mais<\/span><\/a><\/p><\/div><\/div>\t\t\t\t<\/div>\n\t\t\t\t<\/div>\n\t\t\t\t<div class=\"elementor-element elementor-element-fdaf9e8 elementor-position-top elementor-widget elementor-widget-image-box\" data-id=\"fdaf9e8\" data-element_type=\"widget\" data-widget_type=\"image-box.default\">\n\t\t\t\t<div class=\"elementor-widget-container\">\n\t\t\t\t\t<div class=\"elementor-image-box-wrapper\"><figure class=\"elementor-image-box-img\"><a href=\"https:\/\/www.drarosegalindo.com.br\/index.php\/2024\/07\/12\/sorriso-gengival\/\" tabindex=\"-1\"><img decoding=\"async\" width=\"400\" height=\"400\" data-src=\"https:\/\/www.drarosegalindo.com.br\/wp-content\/uploads\/2024\/06\/2-2.png\" class=\"attachment-full size-full wp-image-352 lazyload\" alt=\"\" data-srcset=\"https:\/\/www.drarosegalindo.com.br\/wp-content\/uploads\/2024\/06\/2-2.png 400w, https:\/\/www.drarosegalindo.com.br\/wp-content\/uploads\/2024\/06\/2-2-300x300.png 300w, https:\/\/www.drarosegalindo.com.br\/wp-content\/uploads\/2024\/06\/2-2-150x150.png 150w\" data-sizes=\"(max-width: 400px) 100vw, 400px\" src=\"data:image\/svg+xml;base64,PHN2ZyB3aWR0aD0iMSIgaGVpZ2h0PSIxIiB4bWxucz0iaHR0cDovL3d3dy53My5vcmcvMjAwMC9zdmciPjwvc3ZnPg==\" style=\"--smush-placeholder-width: 400px; --smush-placeholder-aspect-ratio: 400\/400;\" \/><\/a><\/figure><div class=\"elementor-image-box-content\"><h3 class=\"elementor-image-box-title\"><a href=\"https:\/\/www.drarosegalindo.com.br\/index.php\/2024\/07\/12\/sorriso-gengival\/\">Sorriso Gengival<\/a><\/h3><p class=\"elementor-image-box-description\">Se sente inseguro ao sorrir por causa da gengiva aparente?\n\nChega de sorrisos t\u00edmidos e fotos sem gra\u00e7a! Com o tratamento do sorriso gengival da Sorriso Perfeito, voc\u00ea finalmente poder\u00e1 sorrir com liberdade e confian\u00e7a.\n<br>\n<a href=\"https:\/\/www.drarosegalindo.com.br\/index.php\/2024\/07\/12\/sorriso-gengival\/\"><span style=\"text-decoration: underline;\">Saiba Mais<\/span><\/a><\/p><\/div><\/div>\t\t\t\t<\/div>\n\t\t\t\t<\/div>\n\t\t\t\t<div class=\"elementor-element elementor-element-4fa8190 elementor-position-top elementor-widget elementor-widget-image-box\" data-id=\"4fa8190\" data-element_type=\"widget\" data-widget_type=\"image-box.default\">\n\t\t\t\t<div class=\"elementor-widget-container\">\n\t\t\t\t\t<div class=\"elementor-image-box-wrapper\"><figure class=\"elementor-image-box-img\"><a href=\"https:\/\/www.drarosegalindo.com.br\/index.php\/2024\/07\/12\/lentes-de-resina-composta\/\" tabindex=\"-1\"><img decoding=\"async\" width=\"400\" height=\"400\" data-src=\"https:\/\/www.drarosegalindo.com.br\/wp-content\/uploads\/2024\/06\/3-1.png\" class=\"attachment-full size-full wp-image-353 lazyload\" alt=\"\" data-srcset=\"https:\/\/www.drarosegalindo.com.br\/wp-content\/uploads\/2024\/06\/3-1.png 400w, https:\/\/www.drarosegalindo.com.br\/wp-content\/uploads\/2024\/06\/3-1-300x300.png 300w, https:\/\/www.drarosegalindo.com.br\/wp-content\/uploads\/2024\/06\/3-1-150x150.png 150w\" data-sizes=\"(max-width: 400px) 100vw, 400px\" src=\"data:image\/svg+xml;base64,PHN2ZyB3aWR0aD0iMSIgaGVpZ2h0PSIxIiB4bWxucz0iaHR0cDovL3d3dy53My5vcmcvMjAwMC9zdmciPjwvc3ZnPg==\" style=\"--smush-placeholder-width: 400px; --smush-placeholder-aspect-ratio: 400\/400;\" \/><\/a><\/figure><div class=\"elementor-image-box-content\"><h3 class=\"elementor-image-box-title\"><a href=\"https:\/\/www.drarosegalindo.com.br\/index.php\/2024\/07\/12\/lentes-de-resina-composta\/\">Lentes de Resina Composta<\/a><\/h3><p class=\"elementor-image-box-description\">S\u00e3o finas pel\u00edculas aplicadas sobre a superf\u00edcie dos dentes, cobrindo imperfei\u00e7\u00f5es e criando um sorriso impec\u00e1vel. Fabricadas com material biocompat\u00edvel e de alta qualidade, as lentes proporcionam um resultado natural e duradouro.\n<br>\n<a href=\"https:\/\/www.drarosegalindo.com.br\/index.php\/2024\/07\/12\/lentes-de-resina-composta\/\"><span style=\"text-decoration: underline;\">Saiba Mais<\/span><\/a><\/p><\/div><\/div>\t\t\t\t<\/div>\n\t\t\t\t<\/div>\n\t\t\t\t<div class=\"elementor-element elementor-element-e50f56a elementor-position-top elementor-widget elementor-widget-image-box\" data-id=\"e50f56a\" data-element_type=\"widget\" data-widget_type=\"image-box.default\">\n\t\t\t\t<div class=\"elementor-widget-container\">\n\t\t\t\t\t<div class=\"elementor-image-box-wrapper\"><figure class=\"elementor-image-box-img\"><a href=\"https:\/\/www.drarosegalindo.com.br\/index.php\/2024\/07\/12\/restauracoes\/\" tabindex=\"-1\"><img decoding=\"async\" width=\"400\" height=\"400\" data-src=\"https:\/\/www.drarosegalindo.com.br\/wp-content\/uploads\/2024\/06\/4-1.png\" class=\"attachment-full size-full wp-image-354 lazyload\" alt=\"\" data-srcset=\"https:\/\/www.drarosegalindo.com.br\/wp-content\/uploads\/2024\/06\/4-1.png 400w, https:\/\/www.drarosegalindo.com.br\/wp-content\/uploads\/2024\/06\/4-1-300x300.png 300w, https:\/\/www.drarosegalindo.com.br\/wp-content\/uploads\/2024\/06\/4-1-150x150.png 150w\" data-sizes=\"(max-width: 400px) 100vw, 400px\" src=\"data:image\/svg+xml;base64,PHN2ZyB3aWR0aD0iMSIgaGVpZ2h0PSIxIiB4bWxucz0iaHR0cDovL3d3dy53My5vcmcvMjAwMC9zdmciPjwvc3ZnPg==\" style=\"--smush-placeholder-width: 400px; --smush-placeholder-aspect-ratio: 400\/400;\" \/><\/a><\/figure><div class=\"elementor-image-box-content\"><h3 class=\"elementor-image-box-title\"><a href=\"https:\/\/www.drarosegalindo.com.br\/index.php\/2024\/07\/12\/restauracoes\/\">Restaura\u00e7\u00f5es<\/a><\/h3><p class=\"elementor-image-box-description\">Devolvemos a sa\u00fade e a beleza do seu sorriso com restaura\u00e7\u00f5es dent\u00e1rias de alta qualidade!\nUtilizamos equipamentos modernos e materiais de alta qualidade para garantir resultados duradouros e satisfat\u00f3rios.<br>\n<a href=\"https:\/\/www.drarosegalindo.com.br\/index.php\/2024\/07\/12\/implantes\/\"><span style=\"text-decoration: underline;\">Saiba Mais<\/span><\/a><\/p><\/div><\/div>\t\t\t\t<\/div>\n\t\t\t\t<\/div>\n\t\t\t\t<\/div>\n\t\t<div id=\"e-n-tab-content-591229493\" role=\"tabpanel\" aria-labelledby=\"e-n-tab-title-591229493\" data-tab-index=\"3\" style=\"--n-tabs-title-order: 3;\" class=\" elementor-element elementor-element-d649dcf e-con-full e-flex wpr-particle-no wpr-jarallax-no wpr-parallax-no wpr-sticky-section-no e-con e-child\" data-id=\"d649dcf\" data-element_type=\"container\">\n\t\t\t\t<div class=\"elementor-element elementor-element-3b3c561 elementor-position-top elementor-widget elementor-widget-image-box\" data-id=\"3b3c561\" data-element_type=\"widget\" data-widget_type=\"image-box.default\">\n\t\t\t\t<div class=\"elementor-widget-container\">\n\t\t\t\t\t<div class=\"elementor-image-box-wrapper\"><figure class=\"elementor-image-box-img\"><a href=\"https:\/\/www.drarosegalindo.com.br\/index.php\/2024\/07\/12\/implantes\/\" tabindex=\"-1\"><img decoding=\"async\" width=\"400\" height=\"400\" data-src=\"https:\/\/www.drarosegalindo.com.br\/wp-content\/uploads\/2024\/06\/Implante.png\" class=\"attachment-full size-full wp-image-363 lazyload\" alt=\"\" data-srcset=\"https:\/\/www.drarosegalindo.com.br\/wp-content\/uploads\/2024\/06\/Implante.png 400w, https:\/\/www.drarosegalindo.com.br\/wp-content\/uploads\/2024\/06\/Implante-300x300.png 300w, https:\/\/www.drarosegalindo.com.br\/wp-content\/uploads\/2024\/06\/Implante-150x150.png 150w\" data-sizes=\"(max-width: 400px) 100vw, 400px\" src=\"data:image\/svg+xml;base64,PHN2ZyB3aWR0aD0iMSIgaGVpZ2h0PSIxIiB4bWxucz0iaHR0cDovL3d3dy53My5vcmcvMjAwMC9zdmciPjwvc3ZnPg==\" style=\"--smush-placeholder-width: 400px; --smush-placeholder-aspect-ratio: 400\/400;\" \/><\/a><\/figure><div class=\"elementor-image-box-content\"><h3 class=\"elementor-image-box-title\"><a href=\"https:\/\/www.drarosegalindo.com.br\/index.php\/2024\/07\/12\/implantes\/\">Implante<\/a><\/h3><p class=\"elementor-image-box-description\">O implante dent\u00e1rio \u00e9 uma estrutura de tit\u00e2nio que substitui a raiz do dente perdido, sendo fixado no osso maxilar ou mandibular. Sobre o implante, \u00e9 fixada uma pr\u00f3tese dent\u00e1ria, como coroa, ponte ou pr\u00f3tese total, que restaura a fun\u00e7\u00e3o mastigat\u00f3ria e est\u00e9tica do sorriso, al\u00e9m disso ajuda a prevenir o desgaste dos ossos maxilares e a perda de outros dentes.\nRealizamos uma avalia\u00e7\u00e3o detalhada do seu caso, incluindo exames cl\u00ednicos e radiogr\u00e1ficos, para determinar se o implante dent\u00e1rio \u00e9 a solu\u00e7\u00e3o ideal para voc\u00ea.\n<br>\n<a href=\"https:\/\/www.drarosegalindo.com.br\/index.php\/2024\/07\/12\/implantes\/\"><span style=\"text-decoration: underline;\">Saiba Mais<\/span><\/a><\/p><\/div><\/div>\t\t\t\t<\/div>\n\t\t\t\t<\/div>\n\t\t\t\t<\/div>\n\t\t\t\t\t<\/div>\n\t\t<\/div>\n\t\t\t\t\t\t<\/div>\n\t\t\t\t<\/div>\n\t\t\t\t<div class=\"elementor-element elementor-element-ce448c0 elementor-align-center elementor-widget elementor-widget-button\" data-id=\"ce448c0\" data-element_type=\"widget\" data-widget_type=\"button.default\">\n\t\t\t\t<div class=\"elementor-widget-container\">\n\t\t\t\t\t\t\t\t\t<div class=\"elementor-button-wrapper\">\n\t\t\t\t\t<a class=\"elementor-button elementor-button-link elementor-size-sm elementor-animation-grow\" href=\"https:\/\/wa.me\/5511930176860\">\n\t\t\t\t\t\t<span class=\"elementor-button-content-wrapper\">\n\t\t\t\t\t\t<span class=\"elementor-button-icon\">\n\t\t\t\t<svg aria-hidden=\"true\" class=\"e-font-icon-svg e-fab-whatsapp\" viewBox=\"0 0 448 512\" xmlns=\"http:\/\/www.w3.org\/2000\/svg\"><path d=\"M380.9 97.1C339 55.1 283.2 32 223.9 32c-122.4 0-222 99.6-222 222 0 39.1 10.2 77.3 29.6 111L0 480l117.7-30.9c32.4 17.7 68.9 27 106.1 27h.1c122.3 0 224.1-99.6 224.1-222 0-59.3-25.2-115-67.1-157zm-157 341.6c-33.2 0-65.7-8.9-94-25.7l-6.7-4-69.8 18.3L72 359.2l-4.4-7c-18.5-29.4-28.2-63.3-28.2-98.2 0-101.7 82.8-184.5 184.6-184.5 49.3 0 95.6 19.2 130.4 54.1 34.8 34.9 56.2 81.2 56.1 130.5 0 101.8-84.9 184.6-186.6 184.6zm101.2-138.2c-5.5-2.8-32.8-16.2-37.9-18-5.1-1.9-8.8-2.8-12.5 2.8-3.7 5.6-14.3 18-17.6 21.8-3.2 3.7-6.5 4.2-12 1.4-32.6-16.3-54-29.1-75.5-66-5.7-9.8 5.7-9.1 16.3-30.3 1.8-3.7.9-6.9-.5-9.7-1.4-2.8-12.5-30.1-17.1-41.2-4.5-10.8-9.1-9.3-12.5-9.5-3.2-.2-6.9-.2-10.6-.2-3.7 0-9.7 1.4-14.8 6.9-5.1 5.6-19.4 19-19.4 46.3 0 27.3 19.9 53.7 22.6 57.4 2.8 3.7 39.1 59.7 94.8 83.8 35.2 15.2 49 16.5 66.6 13.9 10.7-1.6 32.8-13.4 37.4-26.4 4.6-13 4.6-24.1 3.2-26.4-1.3-2.5-5-3.9-10.5-6.6z\"><\/path><\/svg>\t\t\t<\/span>\n\t\t\t\t\t\t\t\t\t<span class=\"elementor-button-text\">Agendar Consulta<\/span>\n\t\t\t\t\t<\/span>\n\t\t\t\t\t<\/a>\n\t\t\t\t<\/div>\n\t\t\t\t\t\t\t\t<\/div>\n\t\t\t\t<\/div>\n\t\t\t\t\t<\/div>\n\t\t\t\t<\/div>\n\t\t\t\t<\/div>\n\t\t","protected":false},"excerpt":{"rendered":"<p>Procedimentos Conhe\u00e7a os procedimentos oferecidos Profilaxia Est\u00e9tica Implante Limpeza A limpeza dent\u00e1ria, tamb\u00e9m conhecida como profilaxia, \u00e9 um procedimento crucial para a sa\u00fade bucal, remove a placa bacteriana e o t\u00e1rtaro que se acumulam nos dentes, prevenindo doen\u00e7as como c\u00e1ries, gengivite e periodontite. Saiba Mais Raspagem Tamb\u00e9m conhecida como tartaroplastia, remove o t\u00e1rtaro, uma camada endurecida de placa bacteriana que se acumula nos dentes e pode causar diversos problemas, como gengivite, periodontite, mau h\u00e1lito e reten\u00e7\u00e3o gengival. Saiba Mais Clareamento Cansado de esconder seu sorriso por causa dos dentes manchados? Diga adeus aos dentes amarelados com o nosso clareamento dental. Oferecemos diversos m\u00e9todos seguros e eficazes para remover manchas e devolver o branco natural. Saiba Mais Sorriso Gengival Se sente inseguro ao sorrir por causa da gengiva aparente? Chega de sorrisos t\u00edmidos e fotos sem gra\u00e7a! Com o tratamento do sorriso gengival da Sorriso Perfeito, voc\u00ea finalmente poder\u00e1 sorrir com liberdade e confian\u00e7a. Saiba Mais Lentes de Resina Composta S\u00e3o finas pel\u00edculas aplicadas sobre a superf\u00edcie dos dentes, cobrindo imperfei\u00e7\u00f5es e criando um sorriso impec\u00e1vel. Fabricadas com material biocompat\u00edvel e de alta qualidade, as lentes proporcionam um resultado natural e duradouro. Saiba Mais Restaura\u00e7\u00f5es Devolvemos a sa\u00fade e a beleza do seu sorriso com restaura\u00e7\u00f5es dent\u00e1rias de alta qualidade! Utilizamos equipamentos modernos e materiais de alta qualidade para garantir resultados duradouros e satisfat\u00f3rios. Saiba Mais Implante O implante dent\u00e1rio \u00e9 uma estrutura de tit\u00e2nio que substitui a raiz do dente perdido, sendo fixado no osso maxilar ou mandibular. Sobre o implante, \u00e9 fixada uma pr\u00f3tese dent\u00e1ria, como coroa, ponte ou pr\u00f3tese total, que restaura a fun\u00e7\u00e3o mastigat\u00f3ria e est\u00e9tica do sorriso, al\u00e9m disso ajuda a prevenir o desgaste dos ossos maxilares e a perda de outros dentes. Realizamos uma avalia\u00e7\u00e3o detalhada do seu caso, incluindo exames cl\u00ednicos e radiogr\u00e1ficos, para determinar se o implante dent\u00e1rio \u00e9 a solu\u00e7\u00e3o ideal para voc\u00ea. Saiba Mais Limpeza A limpeza dent\u00e1ria, tamb\u00e9m conhecida como profilaxia, \u00e9 um procedimento crucial para a sa\u00fade bucal, remove a placa bacteriana e o t\u00e1rtaro que se acumulam nos dentes, prevenindo doen\u00e7as como c\u00e1ries, gengivite e periodontite. Saiba Mais Raspagem Tamb\u00e9m conhecida como tartaroplastia, remove o t\u00e1rtaro, uma camada endurecida de placa bacteriana que se acumula nos dentes e pode causar diversos problemas, como gengivite, periodontite, mau h\u00e1lito e reten\u00e7\u00e3o gengival. Saiba Mais Clareamento Cansado de esconder seu sorriso por causa dos dentes manchados? Diga adeus aos dentes amarelados com o nosso clareamento dental. Oferecemos diversos m\u00e9todos seguros e eficazes para remover manchas e devolver o branco natural. Saiba Mais Sorriso Gengival Se sente inseguro ao sorrir por causa da gengiva aparente? Chega de sorrisos t\u00edmidos e fotos sem gra\u00e7a! Com o tratamento do sorriso gengival da Sorriso Perfeito, voc\u00ea finalmente poder\u00e1 sorrir com liberdade e confian\u00e7a. Saiba Mais Lentes de Resina Composta S\u00e3o finas pel\u00edculas aplicadas sobre a superf\u00edcie dos dentes, cobrindo imperfei\u00e7\u00f5es e criando um sorriso impec\u00e1vel. Fabricadas com material biocompat\u00edvel e de alta qualidade, as lentes proporcionam um resultado natural e duradouro. Saiba Mais Restaura\u00e7\u00f5es Devolvemos a sa\u00fade e a beleza do seu sorriso com restaura\u00e7\u00f5es dent\u00e1rias de alta qualidade! Utilizamos equipamentos modernos e materiais de alta qualidade para garantir resultados duradouros e satisfat\u00f3rios. Saiba Mais Implante O implante dent\u00e1rio \u00e9 uma estrutura de tit\u00e2nio que substitui a raiz do dente perdido, sendo fixado no osso maxilar ou mandibular. Sobre o implante, \u00e9 fixada uma pr\u00f3tese dent\u00e1ria, como coroa, ponte ou pr\u00f3tese total, que restaura a fun\u00e7\u00e3o mastigat\u00f3ria e est\u00e9tica do sorriso, al\u00e9m disso ajuda a prevenir o desgaste dos ossos maxilares e a perda de outros dentes. Realizamos uma avalia\u00e7\u00e3o detalhada do seu caso, incluindo exames cl\u00ednicos e radiogr\u00e1ficos, para determinar se o implante dent\u00e1rio \u00e9 a solu\u00e7\u00e3o ideal para voc\u00ea. Saiba Mais Agendar Consulta<\/p>\n","protected":false},"author":1,"featured_media":0,"parent":0,"menu_order":0,"comment_status":"closed","ping_status":"closed","template":"elementor_header_footer","meta":{"footnotes":""},"class_list":["post-67","page","type-page","status-publish","hentry"],"_links":{"self":[{"href":"https:\/\/www.drarosegalindo.com.br\/index.php?rest_route=\/wp\/v2\/pages\/67","targetHints":{"allow":["GET"]}}],"collection":[{"href":"https:\/\/www.drarosegalindo.com.br\/index.php?rest_route=\/wp\/v2\/pages"}],"about":[{"href":"https:\/\/www.drarosegalindo.com.br\/index.php?rest_route=\/wp\/v2\/types\/page"}],"author":[{"embeddable":true,"href":"https:\/\/www.drarosegalindo.com.br\/index.php?rest_route=\/wp\/v2\/users\/1"}],"replies":[{"embeddable":true,"href":"https:\/\/www.drarosegalindo.com.br\/index.php?rest_route=%2Fwp%2Fv2%2Fcomments&post=67"}],"version-history":[{"count":15,"href":"https:\/\/www.drarosegalindo.com.br\/index.php?rest_route=\/wp\/v2\/pages\/67\/revisions"}],"predecessor-version":[{"id":1132,"href":"https:\/\/www.drarosegalindo.com.br\/index.php?rest_route=\/wp\/v2\/pages\/67\/revisions\/1132"}],"wp:attachment":[{"href":"https:\/\/www.drarosegalindo.com.br\/index.php?rest_route=%2Fwp%2Fv2%2Fmedia&parent=67"}],"curies":[{"name":"wp","href":"https:\/\/api.w.org\/{rel}","templated":true}]}}